{"id":6,"date":"2015-12-05T15:08:07","date_gmt":"2015-12-05T14:08:07","guid":{"rendered":"http:\/\/testing.phantom-island.com\/physiotherapie\/wordpress\/?page_id=6"},"modified":"2026-02-12T20:29:55","modified_gmt":"2026-02-12T19:29:55","slug":"home","status":"publish","type":"page","link":"https:\/\/www.physio-zm.de\/","title":{"rendered":""},"content":{"rendered":"<p style=\"text-align: center;\"><a href=\"http:\/\/www.physio-zm.de\/wp-content\/uploads\/2015\/12\/Haus-Front-300x2481.jpg\"><img loading=\"lazy\" decoding=\"async\" class=\"alignnone wp-image-259 size-full\" src=\"http:\/\/www.physio-zm.de\/wp-content\/uploads\/2015\/12\/Haus-Front-300x2481.jpg\" alt=\"\" width=\"277\" height=\"229\" \/><\/a><br \/>\nHerzlich Willkommen\u00a0hei\u00dft Sie das Team der<\/p>\n<p style=\"text-align: center;\"><strong><span style=\"color: #ff9900;\">Physiotherapie H\u00f6rold und Kr\u00fcger<\/span><\/strong><\/p>\n<hr \/>\n<p style=\"text-align: center;\"><strong>Ihre Adresse in Zella-Mehlis f\u00fcr Manuelle Therapie, Gymnastik,\u00a0Lymphdrainage und <a href=\"http:\/\/testing.phantom-island.com\/physiotherapie\/wordpress\/?page_id=11\">mehr<\/a>&#8230;<\/strong><\/p>\n<p>Im Herzen des Th\u00fcringer Waldes,\u00a0 in Zella-Mehlis finden Sie\u00a0uns\u00a0in unserem\u00a01996 fertig\u00a0gestellten Wohn- und Gesch\u00e4ftshaus in der Sch\u00f6nauer Str. 19. Unser qualifiziertes Team bietet Ihnen\u00a0zusammen mehr als 90 Jahre Berufserfahrung.\u00a0Es ist uns sehr wichtig,\u00a0Ihnen den\u00a0Aufenthalt bei uns\u00a0 so\u00a0angenehm wie m\u00f6glich\u00a0zu gestalten und Sie mit einem erfolgreichen Therapieabschluss als\u00a0weiteren zufriedenen Patienten gewinnen zu k\u00f6nnen.<\/p>\n<p><img loading=\"lazy\" decoding=\"async\" class=\"alignnone size-full wp-image-80\" src=\"http:\/\/www.physio-zm.de\/wp-content\/uploads\/2015\/12\/Theke.jpg\" alt=\"\" width=\"1000\" height=\"658\" srcset=\"https:\/\/www.physio-zm.de\/wp-content\/uploads\/2015\/12\/Theke.jpg 1000w, https:\/\/www.physio-zm.de\/wp-content\/uploads\/2015\/12\/Theke-300x197.jpg 300w, https:\/\/www.physio-zm.de\/wp-content\/uploads\/2015\/12\/Theke-578x380.jpg 578w\" sizes=\"auto, (max-width: 1000px) 100vw, 1000px\" \/><br \/>\n<img loading=\"lazy\" decoding=\"async\" class=\"alignnone size-full wp-image-84\" src=\"http:\/\/www.physio-zm.de\/wp-content\/uploads\/2015\/12\/Warteraum.jpg\" alt=\"\" width=\"1000\" height=\"667\" srcset=\"https:\/\/www.physio-zm.de\/wp-content\/uploads\/2015\/12\/Warteraum.jpg 1000w, https:\/\/www.physio-zm.de\/wp-content\/uploads\/2015\/12\/Warteraum-300x200.jpg 300w, https:\/\/www.physio-zm.de\/wp-content\/uploads\/2015\/12\/Warteraum-570x380.jpg 570w\" sizes=\"auto, (max-width: 1000px) 100vw, 1000px\" \/><br \/>\n<img loading=\"lazy\" decoding=\"async\" class=\"alignnone size-full wp-image-83\" src=\"http:\/\/www.physio-zm.de\/wp-content\/uploads\/2015\/12\/Turnraum3.jpg\" alt=\"\" width=\"1000\" height=\"667\" srcset=\"https:\/\/www.physio-zm.de\/wp-content\/uploads\/2015\/12\/Turnraum3.jpg 1000w, https:\/\/www.physio-zm.de\/wp-content\/uploads\/2015\/12\/Turnraum3-300x200.jpg 300w, https:\/\/www.physio-zm.de\/wp-content\/uploads\/2015\/12\/Turnraum3-570x380.jpg 570w\" sizes=\"auto, (max-width: 1000px) 100vw, 1000px\" \/><br \/>\n<img loading=\"lazy\" decoding=\"async\" class=\"alignnone size-full wp-image-82\" src=\"http:\/\/www.physio-zm.de\/wp-content\/uploads\/2015\/12\/Turnraum2.jpg\" alt=\"\" width=\"1000\" height=\"667\" srcset=\"https:\/\/www.physio-zm.de\/wp-content\/uploads\/2015\/12\/Turnraum2.jpg 1000w, https:\/\/www.physio-zm.de\/wp-content\/uploads\/2015\/12\/Turnraum2-300x200.jpg 300w, https:\/\/www.physio-zm.de\/wp-content\/uploads\/2015\/12\/Turnraum2-570x380.jpg 570w\" sizes=\"auto, (max-width: 1000px) 100vw, 1000px\" \/><br \/>\n<img loading=\"lazy\" decoding=\"async\" class=\"alignnone size-full wp-image-81\" src=\"http:\/\/www.physio-zm.de\/wp-content\/uploads\/2015\/12\/Turnraum.jpg\" alt=\"\" width=\"1000\" height=\"667\" srcset=\"https:\/\/www.physio-zm.de\/wp-content\/uploads\/2015\/12\/Turnraum.jpg 1000w, https:\/\/www.physio-zm.de\/wp-content\/uploads\/2015\/12\/Turnraum-300x200.jpg 300w, https:\/\/www.physio-zm.de\/wp-content\/uploads\/2015\/12\/Turnraum-570x380.jpg 570w\" sizes=\"auto, (max-width: 1000px) 100vw, 1000px\" \/><br \/>\n<img loading=\"lazy\" decoding=\"async\" class=\"alignnone size-full wp-image-79\" src=\"http:\/\/www.physio-zm.de\/wp-content\/uploads\/2015\/12\/Behandlungsraum2.jpg\" alt=\"\" width=\"1000\" height=\"667\" srcset=\"https:\/\/www.physio-zm.de\/wp-content\/uploads\/2015\/12\/Behandlungsraum2.jpg 1000w, https:\/\/www.physio-zm.de\/wp-content\/uploads\/2015\/12\/Behandlungsraum2-300x200.jpg 300w, https:\/\/www.physio-zm.de\/wp-content\/uploads\/2015\/12\/Behandlungsraum2-570x380.jpg 570w\" sizes=\"auto, (max-width: 1000px) 100vw, 1000px\" \/><br \/>\n<img loading=\"lazy\" decoding=\"async\" class=\"alignnone size-full wp-image-78\" src=\"http:\/\/www.physio-zm.de\/wp-content\/uploads\/2015\/12\/Behandlungsraum1.jpg\" alt=\"\" width=\"1000\" height=\"667\" srcset=\"https:\/\/www.physio-zm.de\/wp-content\/uploads\/2015\/12\/Behandlungsraum1.jpg 1000w, https:\/\/www.physio-zm.de\/wp-content\/uploads\/2015\/12\/Behandlungsraum1-300x200.jpg 300w, https:\/\/www.physio-zm.de\/wp-content\/uploads\/2015\/12\/Behandlungsraum1-570x380.jpg 570w\" sizes=\"auto, (max-width: 1000px) 100vw, 1000px\" \/><\/p>\n","protected":false},"excerpt":{"rendered":"<p>Herzlich Willkommen\u00a0hei\u00dft Sie das Team der Physiotherapie H\u00f6rold und Kr\u00fcger Ihre Adresse in Zella-Mehlis f\u00fcr Manuelle Therapie, Gymnastik,\u00a0Lymphdrainage und mehr&#8230; Im Herzen des Th\u00fcringer Waldes,\u00a0 in Zella-Mehlis finden Sie\u00a0uns\u00a0in unserem\u00a01996 fertig\u00a0gestellten Wohn- und Gesch\u00e4ftshaus in der Sch\u00f6nauer Str. 19. Unser qualifiziertes Team bietet Ihnen\u00a0zusammen mehr als 90 Jahre Berufserfahrung.\u00a0Es ist uns sehr wichtig,\u00a0Ihnen den\u00a0Aufenthalt bei &hellip; <a href=\"https:\/\/www.physio-zm.de\/\" class=\"more-link\">Weiterlesen <span class=\"screen-reader-text\"><\/span><\/a><\/p>\n","protected":false},"author":1,"featured_media":0,"parent":0,"menu_order":0,"comment_status":"closed","ping_status":"closed","template":"page-templates\/full-width-page.php","meta":{"_exactmetrics_skip_tracking":false,"_exactmetrics_sitenote_active":false,"_exactmetrics_sitenote_note":"","_exactmetrics_sitenote_category":0,"footnotes":""},"class_list":["post-6","page","type-page","status-publish","hentry","without-featured-image"],"_links":{"self":[{"href":"https:\/\/www.physio-zm.de\/index.php?rest_route=\/wp\/v2\/pages\/6","targetHints":{"allow":["GET"]}}],"collection":[{"href":"https:\/\/www.physio-zm.de\/index.php?rest_route=\/wp\/v2\/pages"}],"about":[{"href":"https:\/\/www.physio-zm.de\/index.php?rest_route=\/wp\/v2\/types\/page"}],"author":[{"embeddable":true,"href":"https:\/\/www.physio-zm.de\/index.php?rest_route=\/wp\/v2\/users\/1"}],"replies":[{"embeddable":true,"href":"https:\/\/www.physio-zm.de\/index.php?rest_route=%2Fwp%2Fv2%2Fcomments&post=6"}],"version-history":[{"count":22,"href":"https:\/\/www.physio-zm.de\/index.php?rest_route=\/wp\/v2\/pages\/6\/revisions"}],"predecessor-version":[{"id":465,"href":"https:\/\/www.physio-zm.de\/index.php?rest_route=\/wp\/v2\/pages\/6\/revisions\/465"}],"wp:attachment":[{"href":"https:\/\/www.physio-zm.de\/index.php?rest_route=%2Fwp%2Fv2%2Fmedia&parent=6"}],"curies":[{"name":"wp","href":"https:\/\/api.w.org\/{rel}","templated":true}]}}