{"id":13,"date":"2015-12-05T15:11:29","date_gmt":"2015-12-05T14:11:29","guid":{"rendered":"http:\/\/testing.phantom-island.com\/physiotherapie\/wordpress\/?page_id=13"},"modified":"2026-02-12T20:42:34","modified_gmt":"2026-02-12T19:42:34","slug":"ueber-uns","status":"publish","type":"page","link":"https:\/\/www.physio-zm.de\/?page_id=13","title":{"rendered":"\u00dcber Uns"},"content":{"rendered":"<h2><span style=\"color: #ff9900;\">Geschichte der Praxis<\/span><\/h2>\n<p><a href=\"http:\/\/www.physio-zm.de\/wp-content\/uploads\/2015\/12\/praxis.jpg\"><img loading=\"lazy\" decoding=\"async\" class=\"alignleft wp-image-37 size-full\" src=\"http:\/\/www.physio-zm.de\/wp-content\/uploads\/2015\/12\/praxis.jpg\" alt=\"\" width=\"805\" height=\"400\" srcset=\"https:\/\/www.physio-zm.de\/wp-content\/uploads\/2015\/12\/praxis.jpg 805w, https:\/\/www.physio-zm.de\/wp-content\/uploads\/2015\/12\/praxis-300x149.jpg 300w, https:\/\/www.physio-zm.de\/wp-content\/uploads\/2015\/12\/praxis-765x380.jpg 765w\" sizes=\"auto, (max-width: 805px) 100vw, 805px\" \/><\/a>Im Jahr 1991 er\u00f6ffneten wir, Isolde H\u00f6rold und Sabine Kr\u00fcger, in den R\u00e4umen der ehemaligen Sportmedizin in Zella-Mehlis unsere physiotherapeutische Praxis.<\/p>\n<p>Als eine Praxisvergr\u00f6\u00dferung unumg\u00e4nglich wurde, begannen wir mit dem Neubau unseres Wohn- und Gesch\u00e4ftshauses in der Sch\u00f6nauer Str. 19, welches im Jahr 1996 fertiggestellt wurde. Mit den neuen R\u00e4umlichkeiten\u00a0konnten wir\u00a0unser Behandlungsspektrum erweitern und unser Team vergr\u00f6\u00dfern.\u00a0Mit dem damals in unserem im Haus ans\u00e4ssigem Chirurgen Dr. Ziegler entstand eine enge Zusammenarbeit. Im Jahr 2014 \u00fcbernahm Dr. Stebani die chirurgische Praxis seines Vorg\u00e4ngers. Ende 2019 zog Dr. Stebani in andere R\u00e4umlichkeiten um und wir planen nach Renovierung\/ Umbau eine anderweitige Nutzung der vorhandenen R\u00e4umlichkeiten.<\/p>\n<p>Auf \u00fcber 200 qm Praxisfl\u00e4che,\u00a0 in insgesamt 3 Behandlungsr\u00e4umen und einem ger\u00e4umigen Turnraum, bieten wir viele verschiedenste Behandlungsm\u00f6glichkeiten an. Sie k\u00f6nnen bei Gruppengymnastiken mit bis zu 15 Personen ihre Fitness verbessern oder auf einer unserer 8 Massageliegen entspannen.\u00a0 Weiterhin bieten wir Ihnen Parkm\u00f6glichkeiten direkt auf unserem Praxisgel\u00e4nde, unter anderem \u00a0auch einen Behindertenparkplatz.<\/p>\n<hr \/>\n<p>Eine kurze\u00a0Vorstellung unseres kompetenten Teams:<\/p>\n<p><img loading=\"lazy\" decoding=\"async\" class=\"alignnone wp-image-169 size-medium\" src=\"http:\/\/www.physio-zm.de\/wp-content\/uploads\/2016\/01\/Mutti-Portrait1-300x225.jpg\" alt=\"\" width=\"300\" height=\"225\" srcset=\"https:\/\/www.physio-zm.de\/wp-content\/uploads\/2016\/01\/Mutti-Portrait1-300x225.jpg 300w, https:\/\/www.physio-zm.de\/wp-content\/uploads\/2016\/01\/Mutti-Portrait1-507x380.jpg 507w, https:\/\/www.physio-zm.de\/wp-content\/uploads\/2016\/01\/Mutti-Portrait1.jpg 800w\" sizes=\"auto, (max-width: 300px) 100vw, 300px\" \/><\/p>\n<p><strong>Sabine Kr\u00fcger\u00a0<\/strong>ist seit 1986 staatlich gepr\u00fcfte Physiotherapeutin mit Abschl\u00fcssen in Manueller Therapie, craniosacraler Osteopathie, Kinesio Tape, Phonophorese, dem Fasziendistorsionsmodell nach Dr. Typaldos und Entspannungstherapie nach Jacobson.<\/p>\n<p><img loading=\"lazy\" decoding=\"async\" class=\"alignnone wp-image-65 size-medium\" src=\"http:\/\/testing.phantom-island.com\/physiotherapie\/wordpress\/wp-content\/uploads\/2015\/12\/Isolde-300x225.jpg\" alt=\"Isolde\" width=\"300\" height=\"225\" srcset=\"https:\/\/www.physio-zm.de\/wp-content\/uploads\/2015\/12\/Isolde-300x225.jpg 300w, https:\/\/www.physio-zm.de\/wp-content\/uploads\/2015\/12\/Isolde-506x380.jpg 506w, https:\/\/www.physio-zm.de\/wp-content\/uploads\/2015\/12\/Isolde.jpg 521w\" sizes=\"auto, (max-width: 300px) 100vw, 300px\" \/><\/p>\n<p><strong>Isolde H\u00f6rold<\/strong> ist seit 1979 staatlich gepr\u00fcfte Physiotherapeutin. Des Weiteren hat sie Abschl\u00fcsse in Manueller Therapie, der manuellen Lymphdrainage, Kinesio Tape, Phonophorese und als R\u00fcckenschullehrerin. Au\u00dferdem hat sie Berufserfahrung im Bereich der Sportmedizin.<\/p>\n<p><img loading=\"lazy\" decoding=\"async\" class=\"alignnone wp-image-349\" src=\"http:\/\/www.physio-zm.de\/wp-content\/uploads\/2019\/01\/IMG-20190120-WA0000-225x300.jpg\" alt=\"\" width=\"169\" height=\"225\" srcset=\"https:\/\/www.physio-zm.de\/wp-content\/uploads\/2019\/01\/IMG-20190120-WA0000-225x300.jpg 225w, https:\/\/www.physio-zm.de\/wp-content\/uploads\/2019\/01\/IMG-20190120-WA0000-768x1024.jpg 768w, https:\/\/www.physio-zm.de\/wp-content\/uploads\/2019\/01\/IMG-20190120-WA0000-285x380.jpg 285w, https:\/\/www.physio-zm.de\/wp-content\/uploads\/2019\/01\/IMG-20190120-WA0000.jpg 1200w\" sizes=\"auto, (max-width: 169px) 100vw, 169px\" \/><\/p>\n<p><strong>Jeannette Popp<\/strong> ist seit 1986 staatlich gepr\u00fcfte Physiotherapeutin. Zus\u00e4tzliche Qualifikationen erwarb Sie sich in manueller Lymphdrainage, Manueller Therapie, Kinesio Tape, Entspannungstherapie nach Jacobson, Phonophorese und auch bei der Pr\u00e4vention von R\u00fcckenproblemen.<\/p>\n<hr \/>\n<h2><span style=\"color: #ff9900;\">Verst\u00e4rkung gesucht<\/span><\/h2>\n<p>Wir suchen im Voll- oder Teilzeitbereich Verst\u00e4rkung f\u00fcr unser Praxis-Team.<br \/>\nMelden Sie sich gerne telefonisch bei uns. Wir w\u00fcrden uns freuen, Sie in unserem Team begr\u00fc\u00dfen zu d\u00fcrfen.<\/p>\n<hr \/>\n<h2><span style=\"color: #ff9900;\">\u00d6ffnungszeiten<\/span><\/h2>\n<p>Montag: \u00a0 \u00a0 \u00a0 \u00a0\u00a0 8:00 &#8211; 20:00 Uhr<br \/>\nDienstag: \u00a0 \u00a0 \u00a0\u00a0 8:00 &#8211; 16:00 Uhr<br \/>\nMittwoch: \u00a0 \u00a0 \u00a0 8:00 &#8211; 20:00 Uhr<br \/>\nDonnerstag:\u00a0 8:00 &#8211; 20:00 Uhr<br \/>\nFreitag: \u00a0 \u00a0 \u00a0 \u00a0 \u00a0\u00a0 8:00 &#8211; 13:00 Uhr<\/p>\n<hr \/>\n<h2><span style=\"color: #ff9900;\">Kontaktdaten<\/span><\/h2>\n<p>Physiotherapie H\u00f6rold und Kr\u00fcger \u00a0<strong>|<\/strong> \u00a0Sch\u00f6nauer Stra\u00dfe 19 \u00a0 <strong>|<\/strong> \u00a0 98544 Zella-Mehlis<br \/>\ntel. (03682) 482225<br \/>\nfax. (03682) 486911<\/p>\n<p>mail:\u00a0hoerold_u.krueger(at)t-online.de<\/p>\n<h2><span style=\"color: #ff9900;\">Anfahrt<\/span><\/h2>\n<p><a href=\"https:\/\/www.google.de\/maps\/place\/Sch%C3%B6nauer+Str.+19,+98544+Zella-Mehlis\/@50.6649558,10.6567848,142m\/data=!3m1!1e3!4m5!3m4!1s0x47a39ae226ad6c53:0xfad6c8f331fe1381!8m2!3d50.665125!4d10.6572059\">Google Maps<\/a><\/p>\n<hr \/>\n<h2><span style=\"color: #ff9900;\">SALZGROTTE<\/span><\/h2>\n<p>Seit September 2021 hat unsere Salzgrotte Zella-Mehlis ihre Pforten ge\u00f6ffnet. Mehr Informationen dazu erhalten Sie auf <a href=\"http:\/\/salzgrotte-zella-mehlis.de\">hier<\/a>.<\/p>\n","protected":false},"excerpt":{"rendered":"<p>Geschichte der Praxis Im Jahr 1991 er\u00f6ffneten wir, Isolde H\u00f6rold und Sabine Kr\u00fcger, in den R\u00e4umen der ehemaligen Sportmedizin in Zella-Mehlis unsere physiotherapeutische Praxis. Als eine Praxisvergr\u00f6\u00dferung unumg\u00e4nglich wurde, begannen wir mit dem Neubau unseres Wohn- und Gesch\u00e4ftshauses in der Sch\u00f6nauer Str. 19, welches im Jahr 1996 fertiggestellt wurde. Mit den neuen R\u00e4umlichkeiten\u00a0konnten wir\u00a0unser Behandlungsspektrum &hellip; <a href=\"https:\/\/www.physio-zm.de\/?page_id=13\" class=\"more-link\">Weiterlesen <span class=\"screen-reader-text\">\u00dcber Uns<\/span><\/a><\/p>\n","protected":false},"author":1,"featured_media":0,"parent":0,"menu_order":0,"comment_status":"closed","ping_status":"closed","template":"page-templates\/full-width-page.php","meta":{"_exactmetrics_skip_tracking":false,"_exactmetrics_sitenote_active":false,"_exactmetrics_sitenote_note":"","_exactmetrics_sitenote_category":0,"footnotes":""},"class_list":["post-13","page","type-page","status-publish","hentry","without-featured-image"],"_links":{"self":[{"href":"https:\/\/www.physio-zm.de\/index.php?rest_route=\/wp\/v2\/pages\/13","targetHints":{"allow":["GET"]}}],"collection":[{"href":"https:\/\/www.physio-zm.de\/index.php?rest_route=\/wp\/v2\/pages"}],"about":[{"href":"https:\/\/www.physio-zm.de\/index.php?rest_route=\/wp\/v2\/types\/page"}],"author":[{"embeddable":true,"href":"https:\/\/www.physio-zm.de\/index.php?rest_route=\/wp\/v2\/users\/1"}],"replies":[{"embeddable":true,"href":"https:\/\/www.physio-zm.de\/index.php?rest_route=%2Fwp%2Fv2%2Fcomments&post=13"}],"version-history":[{"count":82,"href":"https:\/\/www.physio-zm.de\/index.php?rest_route=\/wp\/v2\/pages\/13\/revisions"}],"predecessor-version":[{"id":468,"href":"https:\/\/www.physio-zm.de\/index.php?rest_route=\/wp\/v2\/pages\/13\/revisions\/468"}],"wp:attachment":[{"href":"https:\/\/www.physio-zm.de\/index.php?rest_route=%2Fwp%2Fv2%2Fmedia&parent=13"}],"curies":[{"name":"wp","href":"https:\/\/api.w.org\/{rel}","templated":true}]}}